{"id":1473,"date":"2025-08-25T19:09:11","date_gmt":"2025-08-25T17:09:11","guid":{"rendered":"https:\/\/www.pcanza.at\/?page_id=1473"},"modified":"2026-03-08T09:59:30","modified_gmt":"2026-03-08T08:59:30","slug":"confirmation","status":"publish","type":"page","link":"https:\/\/www.pcanza.at\/en\/confirmation\/","title":{"rendered":"Vielen Dank f\u00fcr Ihre Terminvereinbarung"},"content":{"rendered":"<div data-elementor-type=\"wp-page\" data-elementor-id=\"1473\" class=\"elementor elementor-1473\" data-elementor-post-type=\"page\">\n\t\t\t\t<div class=\"elementor-element elementor-element-a521997 e-flex e-con-boxed e-con e-parent\" data-id=\"a521997\" data-element_type=\"container\" data-e-type=\"container\">\n\t\t\t\t\t<div class=\"e-con-inner\">\n\t\t<div class=\"elementor-element elementor-element-a6fec43 e-flex e-con-boxed e-con e-child\" data-id=\"a6fec43\" data-element_type=\"container\" data-e-type=\"container\" data-settings=\"{&quot;background_background&quot;:&quot;classic&quot;}\">\n\t\t\t\t\t<div class=\"e-con-inner\">\n\t\t\t\t<div class=\"elementor-element elementor-element-cf7e6d4 elementor-widget elementor-widget-heading\" data-id=\"cf7e6d4\" data-element_type=\"widget\" data-e-type=\"widget\" data-widget_type=\"heading.default\">\n\t\t\t\t\t<h2 class=\"elementor-heading-title elementor-size-default\">Thank you very much \u2013 your booking has been confirmed!<\/h2>\t\t\t\t<\/div>\n\t\t\t\t<div class=\"elementor-element elementor-element-91194b4 elementor-widget elementor-widget-text-editor\" data-id=\"91194b4\" data-element_type=\"widget\" data-e-type=\"widget\" data-widget_type=\"text-editor.default\">\n\t\t\t\t\t\t\t\t\t<p data-path-to-node=\"5,0\">Ich habe Ihre Buchung erhalten und freue mich darauf, Ihnen bei Ihrem IT-Problem zu helfen!<\/p><p data-path-to-node=\"5,1\">Alle Details und den Zugangslink f\u00fcr unser Gespr\u00e4ch sende ich Ihnen in K\u00fcrze per E-Mail. Bitte schauen Sie zur Sicherheit auch in Ihrem <b data-path-to-node=\"5,1\" data-index-in-node=\"136\">Spam-Ordner<\/b> nach.<\/p><p data-path-to-node=\"5,2\">Haben Sie vorab eine dringende Frage? Sie erreichen mich jederzeit unter <a href=\"mailto:info@pcanza.at\"><b data-path-to-node=\"5,2\" data-index-in-node=\"73\">info@pcanza.at<\/b><\/a>.<\/p><p data-path-to-node=\"5,3\">Bis gleich!<\/p>\t\t\t\t\t\t\t\t<\/div>\n\t\t\t\t<div class=\"elementor-element elementor-element-5b0dbe8 elementor-mobile-align-center elementor-align-center elementor-widget elementor-widget-button\" data-id=\"5b0dbe8\" data-element_type=\"widget\" data-e-type=\"widget\" data-widget_type=\"button.default\">\n\t\t\t\t\t\t\t\t\t\t<a class=\"elementor-button elementor-button-link elementor-size-sm\" href=\"https:\/\/www.pcanza.at\/en\">\n\t\t\t\t\t\t<span class=\"elementor-button-content-wrapper\">\n\t\t\t\t\t\t\t\t\t<span class=\"elementor-button-text\">Zur\u00fcck zur \u00dcbersicht<\/span>\n\t\t\t\t\t<\/span>\n\t\t\t\t\t<\/a>\n\t\t\t\t\t\t\t\t<\/div>\n\t\t\t\t\t<\/div>\n\t\t\t\t<\/div>\n\t\t\t\t\t<\/div>\n\t\t\t\t<\/div>\n\t\t\t\t<\/div>","protected":false},"excerpt":{"rendered":"<p>Vielen Dank \u2013 Ihre Buchung ist best\u00e4tigt! Ich habe Ihre Buchung erhalten und freue mich darauf, Ihnen bei Ihrem IT-Problem zu helfen! Alle Details und den Zugangslink f\u00fcr unser Gespr\u00e4ch sende ich Ihnen in K\u00fcrze per E-Mail. Bitte schauen Sie zur Sicherheit auch in Ihrem Spam-Ordner nach. Haben Sie vorab eine dringende Frage? Sie erreichen [&hellip;]<\/p>\n","protected":false},"author":4,"featured_media":0,"parent":0,"menu_order":0,"comment_status":"closed","ping_status":"closed","template":"","meta":{"footnotes":""},"class_list":["post-1473","page","type-page","status-publish","hentry"],"_links":{"self":[{"href":"https:\/\/www.pcanza.at\/en\/wp-json\/wp\/v2\/pages\/1473","targetHints":{"allow":["GET"]}}],"collection":[{"href":"https:\/\/www.pcanza.at\/en\/wp-json\/wp\/v2\/pages"}],"about":[{"href":"https:\/\/www.pcanza.at\/en\/wp-json\/wp\/v2\/types\/page"}],"author":[{"embeddable":true,"href":"https:\/\/www.pcanza.at\/en\/wp-json\/wp\/v2\/users\/4"}],"replies":[{"embeddable":true,"href":"https:\/\/www.pcanza.at\/en\/wp-json\/wp\/v2\/comments?post=1473"}],"version-history":[{"count":3,"href":"https:\/\/www.pcanza.at\/en\/wp-json\/wp\/v2\/pages\/1473\/revisions"}],"predecessor-version":[{"id":2809,"href":"https:\/\/www.pcanza.at\/en\/wp-json\/wp\/v2\/pages\/1473\/revisions\/2809"}],"wp:attachment":[{"href":"https:\/\/www.pcanza.at\/en\/wp-json\/wp\/v2\/media?parent=1473"}],"curies":[{"name":"wp","href":"https:\/\/api.w.org\/{rel}","templated":true}]}}